{"id":51,"date":"2026-02-17T19:53:29","date_gmt":"2026-02-17T19:53:29","guid":{"rendered":"https:\/\/www.politecnicosuramericano.edu.co\/?page_id=51"},"modified":"2026-02-21T21:46:41","modified_gmt":"2026-02-21T21:46:41","slug":"acerca-de","status":"publish","type":"page","link":"https:\/\/www.politecnicosuramericano.edu.co\/index.php\/acerca-de\/","title":{"rendered":"Acerca De"},"content":{"rendered":"\t\t<div data-elementor-type=\"wp-page\" data-elementor-id=\"51\" class=\"elementor elementor-51\" data-elementor-post-type=\"page\">\n\t\t\t\t\t\t<section class=\"elementor-section elementor-top-section elementor-element elementor-element-2b0a29e9 elementor-section-content-middle elementor-section-boxed elementor-section-height-default elementor-section-height-default\" data-id=\"2b0a29e9\" data-element_type=\"section\" data-e-type=\"section\" data-settings=\"{&quot;background_background&quot;:&quot;classic&quot;}\">\n\t\t\t\t\t\t\t<div class=\"elementor-background-overlay\"><\/div>\n\t\t\t\t\t\t\t<div class=\"elementor-container elementor-column-gap-default\">\n\t\t\t\t\t<div class=\"elementor-column elementor-col-100 elementor-top-column elementor-element elementor-element-19836e76\" data-id=\"19836e76\" data-element_type=\"column\" data-e-type=\"column\" data-settings=\"{&quot;background_background&quot;:&quot;classic&quot;}\">\n\t\t\t<div class=\"elementor-widget-wrap elementor-element-populated\">\n\t\t\t\t\t\t<div class=\"elementor-element elementor-element-64caba46 elementor-widget elementor-widget-heading\" data-id=\"64caba46\" data-element_type=\"widget\" data-e-type=\"widget\" data-widget_type=\"heading.default\">\n\t\t\t\t\t<h2 class=\"elementor-heading-title elementor-size-default\">Nosotros<\/h2>\t\t\t\t<\/div>\n\t\t\t\t\t<\/div>\n\t\t<\/div>\n\t\t\t\t\t<\/div>\n\t\t<\/section>\n\t\t<div class=\"elementor-element elementor-element-dcf7f4e e-flex e-con-boxed e-con e-parent\" data-id=\"dcf7f4e\" data-element_type=\"container\" data-e-type=\"container\">\n\t\t\t\t\t<div class=\"e-con-inner\">\n\t\t<div class=\"elementor-element elementor-element-79879a5 e-con-full e-flex e-con e-child\" data-id=\"79879a5\" data-element_type=\"container\" data-e-type=\"container\">\n\t\t\t\t<div class=\"elementor-element elementor-element-5482969 elementor-widget elementor-widget-heading\" data-id=\"5482969\" data-element_type=\"widget\" data-e-type=\"widget\" data-widget_type=\"heading.default\">\n\t\t\t\t\t<h2 class=\"elementor-heading-title elementor-size-default\">Una historia educativa que deja huella<\/h2>\t\t\t\t<\/div>\n\t\t\t\t<div class=\"elementor-element elementor-element-816d245 elementor-widget elementor-widget-text-editor\" data-id=\"816d245\" data-element_type=\"widget\" data-e-type=\"widget\" data-widget_type=\"text-editor.default\">\n\t\t\t\t\t\t\t\t\t<p data-start=\"2835\" data-end=\"3128\">El Polit\u00e9cnico Suramericano antes academia Paciolo es una instituci\u00f3n educativa con m\u00e1s de 92 a\u00f1os de experiencia en la formaci\u00f3n acad\u00e9mica y laboral de estudiantes en Colombia. A lo largo de su historia, ha mantenido un firme compromiso con la educaci\u00f3n de calidad, la inclusi\u00f3n y el desarrollo social.<\/p><p data-start=\"3130\" data-end=\"3347\">Nuestra misi\u00f3n ha sido siempre brindar formaci\u00f3n accesible, pertinente y alineada con las demandas del entorno pro<\/p>\t\t\t\t\t\t\t\t<\/div>\n\t\t\t\t<\/div>\n\t\t<div class=\"elementor-element elementor-element-52febc6 e-con-full e-flex e-con e-child\" data-id=\"52febc6\" data-element_type=\"container\" data-e-type=\"container\">\n\t\t\t\t<div class=\"elementor-element elementor-element-e6a4629 elementor-widget elementor-widget-image\" data-id=\"e6a4629\" data-element_type=\"widget\" data-e-type=\"widget\" data-widget_type=\"image.default\">\n\t\t\t\t\t\t\t\t\t\t\t\t\t\t\t<img fetchpriority=\"high\" decoding=\"async\" width=\"2560\" height=\"1928\" src=\"https:\/\/www.politecnicosuramericano.edu.co\/wp-content\/uploads\/2026\/02\/WhatsApp-Image-2026-02-14-at-11.45.54-AM-scaled.jpeg\" class=\"attachment-full size-full wp-image-313\" alt=\"\" srcset=\"https:\/\/www.politecnicosuramericano.edu.co\/wp-content\/uploads\/2026\/02\/WhatsApp-Image-2026-02-14-at-11.45.54-AM-scaled.jpeg 2560w, https:\/\/www.politecnicosuramericano.edu.co\/wp-content\/uploads\/2026\/02\/WhatsApp-Image-2026-02-14-at-11.45.54-AM-300x226.jpeg 300w, https:\/\/www.politecnicosuramericano.edu.co\/wp-content\/uploads\/2026\/02\/WhatsApp-Image-2026-02-14-at-11.45.54-AM-1024x771.jpeg 1024w, https:\/\/www.politecnicosuramericano.edu.co\/wp-content\/uploads\/2026\/02\/WhatsApp-Image-2026-02-14-at-11.45.54-AM-768x578.jpeg 768w, https:\/\/www.politecnicosuramericano.edu.co\/wp-content\/uploads\/2026\/02\/WhatsApp-Image-2026-02-14-at-11.45.54-AM-1536x1157.jpeg 1536w, https:\/\/www.politecnicosuramericano.edu.co\/wp-content\/uploads\/2026\/02\/WhatsApp-Image-2026-02-14-at-11.45.54-AM-2048x1542.jpeg 2048w\" sizes=\"(max-width: 2560px) 100vw, 2560px\" \/>\t\t\t\t\t\t\t\t\t\t\t\t\t\t\t<\/div>\n\t\t\t\t<\/div>\n\t\t\t\t\t<\/div>\n\t\t\t\t<\/div>\n\t\t\t\t<section class=\"elementor-section elementor-top-section elementor-element elementor-element-551c7443 elementor-section-content-middle elementor-reverse-tablet elementor-section-boxed elementor-section-height-default elementor-section-height-default\" data-id=\"551c7443\" data-element_type=\"section\" data-e-type=\"section\">\n\t\t\t\t\t\t\t<div class=\"elementor-background-overlay\"><\/div>\n\t\t\t\t\t\t\t<div class=\"elementor-container elementor-column-gap-default\">\n\t\t\t\t\t<div class=\"elementor-column elementor-col-50 elementor-top-column elementor-element elementor-element-460646af\" data-id=\"460646af\" data-element_type=\"column\" data-e-type=\"column\">\n\t\t\t<div class=\"elementor-widget-wrap elementor-element-populated\">\n\t\t\t\t\t\t<div class=\"elementor-element elementor-element-3f4a18d elementor-widget elementor-widget-heading\" data-id=\"3f4a18d\" data-element_type=\"widget\" data-e-type=\"widget\" data-widget_type=\"heading.default\">\n\t\t\t\t\t<h2 class=\"elementor-heading-title elementor-size-default\">\u00bfQu\u00e9 nos hace diferentes?\n<\/h2>\t\t\t\t<\/div>\n\t\t\t\t<section class=\"elementor-section elementor-inner-section elementor-element elementor-element-229e358d elementor-section-boxed elementor-section-height-default elementor-section-height-default\" data-id=\"229e358d\" data-element_type=\"section\" data-e-type=\"section\">\n\t\t\t\t\t\t<div class=\"elementor-container elementor-column-gap-no\">\n\t\t\t\t\t<div class=\"elementor-column elementor-col-50 elementor-inner-column elementor-element elementor-element-3f5671c5\" data-id=\"3f5671c5\" data-element_type=\"column\" data-e-type=\"column\">\n\t\t\t<div class=\"elementor-widget-wrap elementor-element-populated\">\n\t\t\t\t\t\t<div class=\"elementor-element elementor-element-33021099 elementor-icon-list--layout-traditional elementor-list-item-link-full_width elementor-widget elementor-widget-icon-list\" data-id=\"33021099\" data-element_type=\"widget\" data-e-type=\"widget\" data-widget_type=\"icon-list.default\">\n\t\t\t\t\t\t\t<ul class=\"elementor-icon-list-items\">\n\t\t\t\t\t\t\t<li class=\"elementor-icon-list-item\">\n\t\t\t\t\t\t\t\t\t\t\t<span class=\"elementor-icon-list-icon\">\n\t\t\t\t\t\t\t<i aria-hidden=\"true\" class=\"icon icon-checked1\"><\/i>\t\t\t\t\t\t<\/span>\n\t\t\t\t\t\t\t\t\t\t<span class=\"elementor-icon-list-text\">M\u00e1s de 92 a\u00f1os de experiencia educativa<\/span>\n\t\t\t\t\t\t\t\t\t<\/li>\n\t\t\t\t\t\t\t\t<li class=\"elementor-icon-list-item\">\n\t\t\t\t\t\t\t\t\t\t\t<span class=\"elementor-icon-list-icon\">\n\t\t\t\t\t\t\t<i aria-hidden=\"true\" class=\"icon icon-checked1\"><\/i>\t\t\t\t\t\t<\/span>\n\t\t\t\t\t\t\t\t\t\t<span class=\"elementor-icon-list-text\">Programas T\u00e9cnicos Laborales por Competencias<\/span>\n\t\t\t\t\t\t\t\t\t<\/li>\n\t\t\t\t\t\t<\/ul>\n\t\t\t\t\t\t<\/div>\n\t\t\t\t\t<\/div>\n\t\t<\/div>\n\t\t\t\t<div class=\"elementor-column elementor-col-50 elementor-inner-column elementor-element elementor-element-b334ecf\" data-id=\"b334ecf\" data-element_type=\"column\" data-e-type=\"column\">\n\t\t\t<div class=\"elementor-widget-wrap elementor-element-populated\">\n\t\t\t\t\t\t<div class=\"elementor-element elementor-element-2c6fc590 elementor-icon-list--layout-traditional elementor-list-item-link-full_width elementor-widget elementor-widget-icon-list\" data-id=\"2c6fc590\" data-element_type=\"widget\" data-e-type=\"widget\" data-widget_type=\"icon-list.default\">\n\t\t\t\t\t\t\t<ul class=\"elementor-icon-list-items\">\n\t\t\t\t\t\t\t<li class=\"elementor-icon-list-item\">\n\t\t\t\t\t\t\t\t\t\t\t<span class=\"elementor-icon-list-icon\">\n\t\t\t\t\t\t\t<i aria-hidden=\"true\" class=\"icon icon-checked1\"><\/i>\t\t\t\t\t\t<\/span>\n\t\t\t\t\t\t\t\t\t\t<span class=\"elementor-icon-list-text\">Becas del 100 % en todos los programas<\/span>\n\t\t\t\t\t\t\t\t\t<\/li>\n\t\t\t\t\t\t\t\t<li class=\"elementor-icon-list-item\">\n\t\t\t\t\t\t\t\t\t\t\t<span class=\"elementor-icon-list-icon\">\n\t\t\t\t\t\t\t<i aria-hidden=\"true\" class=\"icon icon-checked1\"><\/i>\t\t\t\t\t\t<\/span>\n\t\t\t\t\t\t\t\t\t\t<span class=\"elementor-icon-list-text\">Formaci\u00f3n pr\u00e1ctica orientada al empleo<\/span>\n\t\t\t\t\t\t\t\t\t<\/li>\n\t\t\t\t\t\t\t\t<li class=\"elementor-icon-list-item\">\n\t\t\t\t\t\t\t\t\t\t\t<span class=\"elementor-icon-list-icon\">\n\t\t\t\t\t\t\t<i aria-hidden=\"true\" class=\"icon icon-checked1\"><\/i>\t\t\t\t\t\t<\/span>\n\t\t\t\t\t\t\t\t\t\t<span class=\"elementor-icon-list-text\">Compromiso social y educativo<\/span>\n\t\t\t\t\t\t\t\t\t<\/li>\n\t\t\t\t\t\t<\/ul>\n\t\t\t\t\t\t<\/div>\n\t\t\t\t\t<\/div>\n\t\t<\/div>\n\t\t\t\t\t<\/div>\n\t\t<\/section>\n\t\t\t\t\t<\/div>\n\t\t<\/div>\n\t\t\t\t<div class=\"elementor-column elementor-col-50 elementor-top-column elementor-element elementor-element-7d45be21 elementor-hidden-phone\" data-id=\"7d45be21\" data-element_type=\"column\" data-e-type=\"column\">\n\t\t\t<div class=\"elementor-widget-wrap elementor-element-populated\">\n\t\t\t\t\t\t<div class=\"elementor-element elementor-element-35e39b84 elementor-widget elementor-widget-image\" data-id=\"35e39b84\" data-element_type=\"widget\" data-e-type=\"widget\" data-widget_type=\"image.default\">\n\t\t\t\t\t\t\t\t\t\t\t\t\t\t\t<img decoding=\"async\" width=\"1200\" height=\"1600\" src=\"https:\/\/www.politecnicosuramericano.edu.co\/wp-content\/uploads\/2026\/02\/WhatsApp-Image-2026-02-14-at-11.49.36-AM-1.jpeg\" class=\"attachment-full size-full wp-image-336\" alt=\"\" srcset=\"https:\/\/www.politecnicosuramericano.edu.co\/wp-content\/uploads\/2026\/02\/WhatsApp-Image-2026-02-14-at-11.49.36-AM-1.jpeg 1200w, https:\/\/www.politecnicosuramericano.edu.co\/wp-content\/uploads\/2026\/02\/WhatsApp-Image-2026-02-14-at-11.49.36-AM-1-225x300.jpeg 225w, https:\/\/www.politecnicosuramericano.edu.co\/wp-content\/uploads\/2026\/02\/WhatsApp-Image-2026-02-14-at-11.49.36-AM-1-768x1024.jpeg 768w, https:\/\/www.politecnicosuramericano.edu.co\/wp-content\/uploads\/2026\/02\/WhatsApp-Image-2026-02-14-at-11.49.36-AM-1-1152x1536.jpeg 1152w\" sizes=\"(max-width: 1200px) 100vw, 1200px\" \/>\t\t\t\t\t\t\t\t\t\t\t\t\t\t\t<\/div>\n\t\t\t\t\t<\/div>\n\t\t<\/div>\n\t\t\t\t\t<\/div>\n\t\t<\/section>\n\t\t\t\t<\/div>\n\t\t","protected":false},"excerpt":{"rendered":"<p>Nosotros Una historia educativa que deja huella El Polit\u00e9cnico Suramericano antes academia Paciolo es una instituci\u00f3n educativa con m\u00e1s de 92 a\u00f1os de experiencia en la formaci\u00f3n acad\u00e9mica y laboral de estudiantes en Colombia. A lo largo de su historia, ha mantenido un firme compromiso con la educaci\u00f3n de calidad, la inclusi\u00f3n y el desarrollo [&hellip;]<\/p>\n","protected":false},"author":1,"featured_media":0,"parent":0,"menu_order":0,"comment_status":"closed","ping_status":"closed","template":"elementor_header_footer","meta":{"footnotes":""},"class_list":["post-51","page","type-page","status-publish","hentry"],"_links":{"self":[{"href":"https:\/\/www.politecnicosuramericano.edu.co\/index.php\/wp-json\/wp\/v2\/pages\/51","targetHints":{"allow":["GET"]}}],"collection":[{"href":"https:\/\/www.politecnicosuramericano.edu.co\/index.php\/wp-json\/wp\/v2\/pages"}],"about":[{"href":"https:\/\/www.politecnicosuramericano.edu.co\/index.php\/wp-json\/wp\/v2\/types\/page"}],"author":[{"embeddable":true,"href":"https:\/\/www.politecnicosuramericano.edu.co\/index.php\/wp-json\/wp\/v2\/users\/1"}],"replies":[{"embeddable":true,"href":"https:\/\/www.politecnicosuramericano.edu.co\/index.php\/wp-json\/wp\/v2\/comments?post=51"}],"version-history":[{"count":13,"href":"https:\/\/www.politecnicosuramericano.edu.co\/index.php\/wp-json\/wp\/v2\/pages\/51\/revisions"}],"predecessor-version":[{"id":612,"href":"https:\/\/www.politecnicosuramericano.edu.co\/index.php\/wp-json\/wp\/v2\/pages\/51\/revisions\/612"}],"wp:attachment":[{"href":"https:\/\/www.politecnicosuramericano.edu.co\/index.php\/wp-json\/wp\/v2\/media?parent=51"}],"curies":[{"name":"wp","href":"https:\/\/api.w.org\/{rel}","templated":true}]}}